{"id":21,"date":"2014-01-02T21:09:07","date_gmt":"2014-01-02T21:09:07","guid":{"rendered":"http:\/\/www.koivuniemi.info\/marko\/?page_id=21"},"modified":"2017-03-23T23:12:13","modified_gmt":"2017-03-23T21:12:13","slug":"itte","status":"publish","type":"page","link":"http:\/\/www.koivuniemi.info\/marko\/itte\/","title":{"rendered":"itte"},"content":{"rendered":"<p>Oli synkk\u00e4 ja myrskyinen y\u00f6&#8230;<\/p>\n<p>&#8230;vuonna 1976, elokuun 6 p\u00e4iv\u00e4, kun kauhea huuto t\u00e4ytti maan&#8230; Marko (t\u00e4m\u00e4 &#8221;nimi&#8221; tuli ilmi vasta my\u00f6hemmin) oli syntynyt. Ja niin alkoi el\u00e4m\u00e4ni.<\/p>\n<p>Lapsuuteni ja nuoruuteni vietin Koskenkorvan kyl\u00e4ss\u00e4 Ilmajoella. Koskenkorva on pienehk\u00f6 kyl\u00e4 &#8221;etel\u00e4pohojammaall&#8221; n. 30 kilometrin p\u00e4\u00e4ss\u00e4 Sein\u00e4joelta. Ala-asteenani oli V\u00e4stil\u00e4n Ala-aste jossa r\u00e4\u00e4kk\u00e4sin opettajia viimeiseen asti. Toisaalta olin kuitenkin suht hyv\u00e4 oppilas, arvosanojen mukaan ainakin. Er\u00e4s varhaisimmista ala-astemuistoistani on koulun joulujuhla, jossa esitin Lauri Pohjanp\u00e4\u00e4n J\u00e4nikset-runon, jonka sanat l\u00f6ysin sattumoisin netist\u00e4. Runon alkus\u00e4keist\u00f6t py\u00f6riv\u00e4t viel\u00e4kin mieless\u00e4ni, vaikka &#8221;esityksest\u00e4 on jo melkein 30 vuotta.<\/p>\n<p>J\u00e4lki-istunnot olivat joka viikkoinen traditio, tosin virallisesti &#8221;j\u00e4in pelaamaan poikien kanssa koulun kent\u00e4lle&#8221;!! Kaikesta huolimatta p\u00e4rj\u00e4sin yll\u00e4tt\u00e4v\u00e4n hyvin&#8230; Tuona aikana harrastin (kuten kaikki meill\u00e4 p\u00e4in) pes\u00e4palloa, tai ainakin yritin. En ole koskaan ollut mik\u00e4\u00e4n liikunnan ihmelapsi, sen puolen on hoitanut isosiskoni Marjo joka oli SM-tason pikajuoksija ik\u00e4luokassaan. Tuohon aikaan el\u00e4m\u00e4\u00e4n astui my\u00f6s rakkaus, joka kest\u00e4\u00e4 yh\u00e4 &#8211; puhun tietenkin Commodore 64:sta &#8211; joka sys\u00e4si minut tietotekniikan ihmeelliseen maailmaan. \ud83d\ude09<\/p>\n<p>Liki ysin tokarilla l\u00e4hdin jatkamaan ahkerointiani Ilmajoen yl\u00e4asteella, joka palautti minut maan pinnalle &#8211; ala-asteen 8.8 keskiarvo vaihtui heti ensimm\u00e4isen\u00e4 syyslukukautena 8.0:n. Tuolloin alkoi mopokausi uskollisessa Paappelilla (eli pappa-tuntsalla), sen j\u00e4lkeen sain Suzuki PV:n ja lopulta Suzuki S1:n, jolla kurvailin viel\u00e4 lukioaikanakin ennen ajokortin saantia. Mopolla kurvailin (alaik\u00e4isen\u00e4) Kurikkaan divariin sarjakuvalehti\u00e4 vaihtelemaan ja Ilmajoelle kaverini Ketolaisen Paulin ty\u00f6 kuusnelosella (my\u00f6hemmin Amigalla) pelailemaan. Lis\u00e4ksi kavereiden kanssa kuljettiin &#8221;mietaalla&#8221; tai &#8221;kasinolla&#8221; kaljoittelemassa ja ep\u00e4toivoisesti yritt\u00e4m\u00e4ss\u00e4 kontaktia vastakkaiseen sukupuoleen. Yl\u00e4asteella aloin pelata my\u00f6s jalkapalloa IK:n joukkueissa, aiemmin liikuntaharrastukset olivat aina j\u00e4\u00e4neet kyl\u00e4n kentill\u00e4 pelailuun. Palloiluhallilla pelattiin s\u00e4hly\u00e4 aina kun vain tilaa oli &#8211; maalivahtina olin tietenkin. Maalivahdin hommat alkoivat minullakin jo ala-asteella. Aluksi tietenkin syyn\u00e4 oli ei-niin-liikunnallisen ihmisen tyrkk\u00e4\u00e4minen edes jollekin pelipaikalle. Lopulta kuitenkin aloin jopa tyk\u00e4t\u00e4 siit\u00e4. S\u00e4hlyturnauksissa ja jalkapallopuulaakeissa olin aina halukas mukaan.<br \/>\nLukion aikana vaihdoin sotaratsuni S1:n ensimm\u00e4iseen omaan PC-koneeseeni, eli 20MHz:n 386dx-koneeseen, jossa oli EGA-n\u00e4ytt\u00f6, 2MB muistia ja 130MB kiintolevytilaa. Olin myyty\u00e4 miest\u00e4. Kun my\u00f6hemmin viel\u00e4 sain vaihdettua halvalla EGA-n\u00e4yt\u00f6n mustavalko-VGA:han ja hommasin AdLib-\u00e4\u00e4nikortin niin multimediakone oli valmis. Mieleenj\u00e4\u00e4vin kokemukseni oli Ufo-Enemy Unknown -peli, jonka piti vaatia t\u00e4ysill\u00e4 \u00e4\u00e4ni- ja musiikki-asetuksilla 386-koneen, jossa on 4MB muistia ja 33MHz:n prosessori. Aikani muistia optimoituani sain pelin toimimaan ja mik\u00e4 kokemus se olikaan &#8211; yksik\u00e4\u00e4n peli ei sen j\u00e4lkeen ole tuntunut samalta. Lukioaikana jatkoin yl\u00e4asteaikana aloittamaani jalkapallo&#8221;uraa&#8221; IK:n miesjoukkueen rasitteena.<\/p>\n<p>Lukion j\u00e4lkeen k\u00e4v\u00e4isin armeijan harmaissa nyt jo edesmenneess\u00e4 Pohjois-Suomen Viestipataljoonassa Oulussa. T\u00e4m\u00e4n &#8221;muistorikkaan&#8221; kokemuksen j\u00e4lkeen aloitin opiskelun Jyv\u00e4skyl\u00e4n ammattikorkeakoulussa TIKO:ssa , joka tuntui parhaimmalta vaihtoehdolta. (No joo, tunnustan, en p\u00e4\u00e4ssyt lukemaan biologiaa Jyv\u00e4skyl\u00e4n yliopistoon.) Mutta kuitenkin luokka oli hyv\u00e4 ja hyvi\u00e4 kavereita t\u00e4ynn\u00e4. Ryhm\u00e4mme T96E kuvan l\u00f6ysin juuri <a href=\"http:\/\/www.archive.org\/\">nettiarkistosta<\/a>.<\/p>\n<p>Sitten tuli tilaisuuteni. Jyv\u00e4skyl\u00e4n yliopistossa oli my\u00f6h\u00e4ishaku, jonka sattumalta huomasin, ja pistin papruja menem\u00e4\u00e4n. Niinpa aloitin tammikuussa 1998 tietotekniikan opinnot matemaattis-luonnontieteellisess\u00e4 tdk:ssa. Nyttemmin tietotekniikan opetus on siirtynyt informaatioteknologian tiedekuntaan jonka kirjoilla edelleen valitettavasti olen. Olen nyky\u00e4\u00e4n gradua vaille maisteri &#8211; gradussani yhdist\u00e4n mielenkiintoni kohteita biologiaa ja tietotekniikkaa tutkailemalla evoluution ja el\u00e4m\u00e4n simulointia tietokoneymp\u00e4rist\u00f6ss\u00e4.<\/p>\n<p>Syksyll\u00e4 2007 el\u00e4m\u00e4ss\u00e4 tapahtui suuri muutos, kun perheeseen saapui ihana tytt\u00f6vauva &#8211; samalla teimme muuttoa Jyv\u00e4skyl\u00e4st\u00e4 Jalasj\u00e4rvelle jossa nyt asustelemme. Muuton yhteydess\u00e4 onnistuin saamaan ty\u00f6paikan Vaasasta Fujitsu Services Oy:n k\u00e4ytt\u00f6tuesta joka oli mielenkiintoinen ja antoisa ty\u00f6kokemus mutta pienen lapsen is\u00e4lle 95 km:n ty\u00f6matka k\u00e4vi raskaaksi. Onni potkaisi ja l\u00e4hemp\u00e4\u00e4 Kurikasta avautui j\u00e4rjestelm\u00e4asiantuntijan ty\u00f6paikka <a href=\"http:\/\/www.pohjanmaan.fi\/\">Pohjanmaan Kaluste Oy<\/a>:lt\u00e4. Onnenpotkujen lis\u00e4ksi kes\u00e4\u00e4n liittyy toisenlaisiakin uutisia ja niiden seurauksena yhdistystoimintaharrastukseen lis\u00e4\u00e4ntyi <a title=\"Sylva\" href=\"http:\/\/www.sylva.fi\">Sylva<\/a> sek\u00e4 <a title=\"Pohjanmaan Sy\u00f6p\u00e4yhdistys\" href=\"http:\/\/www.pohjanmaancancer.fi\">Pohjanmaan Sy\u00f6p\u00e4yhdistys<\/a> ja etenkin sen <a title=\"Eppulit\" href=\"http:\/\/www.facebook.com\/eppulit\">Eppulit<\/a>-perhekerho. Helmikuussa 2009 perhe kasvoi toisella tyt\u00f6ll\u00e4. Vuoret ovat vierineet ja tyt\u00f6t kasvaneet ja maaliskuussa 2017 tyt\u00f6t saivat ihanan pikkuveljen seurakseen. Ty\u00f6skentelen yh\u00e4 Pohjanmaan Kalusteella &#8211; nyttemmin tietohallintop\u00e4\u00e4llikk\u00f6n\u00e4 kasvavan ja kehittyv\u00e4n huonekalukonsernin vaihtelevissa ja mielenkiintoisissa teht\u00e4viss\u00e4.<\/p>\n","protected":false},"excerpt":{"rendered":"<p>Oli synkk\u00e4 ja myrskyinen y\u00f6&#8230; &#8230;vuonna 1976, elokuun 6 p\u00e4iv\u00e4, kun kauhea huuto t\u00e4ytti maan&#8230; Marko (t\u00e4m\u00e4 &#8221;nimi&#8221; tuli ilmi vasta my\u00f6hemmin) oli syntynyt. Ja niin alkoi el\u00e4m\u00e4ni. Lapsuuteni ja nuoruuteni vietin Koskenkorvan kyl\u00e4ss\u00e4 Ilmajoella. Koskenkorva on pienehk\u00f6 kyl\u00e4 &#8221;etel\u00e4pohojammaall&#8221; n. 30 kilometrin p\u00e4\u00e4ss\u00e4 Sein\u00e4joelta. Ala-asteenani oli V\u00e4stil\u00e4n Ala-aste jossa r\u00e4\u00e4kk\u00e4sin opettajia viimeiseen asti. Toisaalta [&hellip;]<\/p>\n","protected":false},"author":1,"featured_media":0,"parent":0,"menu_order":0,"comment_status":"closed","ping_status":"closed","template":"","meta":{"footnotes":""},"class_list":["post-21","page","type-page","status-publish","hentry"],"_links":{"self":[{"href":"http:\/\/www.koivuniemi.info\/marko\/wp-json\/wp\/v2\/pages\/21","targetHints":{"allow":["GET"]}}],"collection":[{"href":"http:\/\/www.koivuniemi.info\/marko\/wp-json\/wp\/v2\/pages"}],"about":[{"href":"http:\/\/www.koivuniemi.info\/marko\/wp-json\/wp\/v2\/types\/page"}],"author":[{"embeddable":true,"href":"http:\/\/www.koivuniemi.info\/marko\/wp-json\/wp\/v2\/users\/1"}],"replies":[{"embeddable":true,"href":"http:\/\/www.koivuniemi.info\/marko\/wp-json\/wp\/v2\/comments?post=21"}],"version-history":[{"count":7,"href":"http:\/\/www.koivuniemi.info\/marko\/wp-json\/wp\/v2\/pages\/21\/revisions"}],"predecessor-version":[{"id":24,"href":"http:\/\/www.koivuniemi.info\/marko\/wp-json\/wp\/v2\/pages\/21\/revisions\/24"}],"wp:attachment":[{"href":"http:\/\/www.koivuniemi.info\/marko\/wp-json\/wp\/v2\/media?parent=21"}],"curies":[{"name":"wp","href":"https:\/\/api.w.org\/{rel}","templated":true}]}}